{"id":10,"date":"2011-12-16T13:17:48","date_gmt":"2011-12-16T13:17:48","guid":{"rendered":"http:\/\/modele-regionales.apbg.org\/?page_id=2"},"modified":"2011-12-16T13:17:48","modified_gmt":"2011-12-16T13:17:48","slug":"organigramme","status":"publish","type":"page","link":"https:\/\/pcv.apbg.fr\/?page_id=10","title":{"rendered":"Organigramme"},"content":{"rendered":"<p><strong>Acad\u00e9mie de Paris<\/strong><\/p>\n<p>Pr\u00e9sident : Pierre Baly<\/p>\n<p>Tr\u00e9sori\u00e8re des deux acad\u00e9mies : V\u00e9ronique Chagoughian<\/p>\n<p>secr\u00e9taire : Fran\u00e7oise Dreyer<\/p>\n<p>\u00e9lus au bureau : Vincent Richard, Roseline Ndiaye<\/p>\n<p>pour le comit\u00e9 national : titulaires : F. Dreyer, R. Ndiaye, suppl\u00e9ants : P. Baly, V. Richard<\/p>\n<p><strong>Acad\u00e9mie de Versailles<\/strong><\/p>\n<p>Pr\u00e9sidente : H\u00e9l\u00e8ne Vincent-Schneider<\/p>\n<p>Vice -pr\u00e9sidente : Nadine Kuntzmann<\/p>\n<p>Tr\u00e9sori\u00e8re des deux acad\u00e9mies : V\u00e9ronique Chagoughian<\/p>\n<p>Secr\u00e9taire : Philippe Le Vigouroux<\/p>\n<p>\u00e9lus au bureau : Nicole Jauzein, Mickael Jentzer<\/p>\n<p>pour le comit\u00e9 national : titulaires : N. Kuntzmann, V. Chagoughian, suppl\u00e9ants : H. Vincent-Schneider, P. Le Vigouroux<\/p>\n<p>&nbsp;<\/p>\n<p>secr\u00e9taire web pour les deux r\u00e9gionales : H\u00e9l\u00e8ne Vincent-Schneider<\/p>\n<p>gestion de la page facebook pour les deux r\u00e9gionales : Roseline Ndiaye<\/p>\n","protected":false},"excerpt":{"rendered":"<p>Acad\u00e9mie de Paris Pr\u00e9sident : Pierre Baly Tr\u00e9sori\u00e8re des deux acad\u00e9mies : V\u00e9ronique Chagoughian secr\u00e9taire : Fran\u00e7oise Dreyer \u00e9lus au<\/p>\n","protected":false},"author":1,"featured_media":0,"parent":0,"menu_order":20,"comment_status":"closed","ping_status":"closed","template":"","meta":{"colormag_page_container_layout":"default_layout","colormag_page_sidebar_layout":"default_layout","footnotes":""},"class_list":["post-10","page","type-page","status-publish","hentry"],"_links":{"self":[{"href":"https:\/\/pcv.apbg.fr\/index.php?rest_route=\/wp\/v2\/pages\/10","targetHints":{"allow":["GET"]}}],"collection":[{"href":"https:\/\/pcv.apbg.fr\/index.php?rest_route=\/wp\/v2\/pages"}],"about":[{"href":"https:\/\/pcv.apbg.fr\/index.php?rest_route=\/wp\/v2\/types\/page"}],"author":[{"embeddable":true,"href":"https:\/\/pcv.apbg.fr\/index.php?rest_route=\/wp\/v2\/users\/1"}],"replies":[{"embeddable":true,"href":"https:\/\/pcv.apbg.fr\/index.php?rest_route=%2Fwp%2Fv2%2Fcomments&post=10"}],"version-history":[{"count":0,"href":"https:\/\/pcv.apbg.fr\/index.php?rest_route=\/wp\/v2\/pages\/10\/revisions"}],"wp:attachment":[{"href":"https:\/\/pcv.apbg.fr\/index.php?rest_route=%2Fwp%2Fv2%2Fmedia&parent=10"}],"curies":[{"name":"wp","href":"https:\/\/api.w.org\/{rel}","templated":true}]}}