{"id":12,"date":"2011-12-16T13:23:31","date_gmt":"2011-12-16T13:23:31","guid":{"rendered":"http:\/\/modele-regionales.apbg.org\/?page_id=8"},"modified":"2011-12-16T13:23:31","modified_gmt":"2011-12-16T13:23:31","slug":"accueil","status":"publish","type":"page","link":"https:\/\/pcv.apbg.fr\/","title":{"rendered":"Accueil"},"content":{"rendered":"<h3 style=\"text-align: center\"><a href=\"http:\/\/paris-creteil-versailles.apbg.org\/files\/2011\/12\/LOGO-APBG-PCV.jpg\"><img loading=\"lazy\" decoding=\"async\" class=\"aligncenter size-medium wp-image-37\" title=\"LOGO APBG PCV\" src=\"http:\/\/paris-creteil-versailles.apbg.org\/files\/2011\/12\/LOGO-APBG-PCV-283x300.jpg\" alt=\"\" width=\"283\" height=\"300\" \/><\/a><\/h3>\n<h3 style=\"text-align: center\"><\/h3>\n<blockquote>\n<h3 style=\"text-align: center\"><strong>Retrouvez l&rsquo;actualit\u00e9 de la r\u00e9gionale de Paris-Cr\u00e9teil Versailles sur ses pages internet :<\/strong><\/h3>\n<h3 style=\"text-align: center\"><a href=\"http:\/\/apbg.pcv.free.fr\/\" target=\"_blank\" rel=\"noopener\">http:\/\/apbg.pcv.free.fr\/<\/a><\/h3>\n<\/blockquote>\n","protected":false},"excerpt":{"rendered":"<p>Retrouvez l&rsquo;actualit\u00e9 de la r\u00e9gionale de Paris-Cr\u00e9teil Versailles sur ses pages internet : http:\/\/apbg.pcv.free.fr\/<\/p>\n","protected":false},"author":1,"featured_media":0,"parent":0,"menu_order":0,"comment_status":"closed","ping_status":"closed","template":"","meta":{"colormag_page_container_layout":"default_layout","colormag_page_sidebar_layout":"default_layout","footnotes":""},"class_list":["post-12","page","type-page","status-publish","hentry"],"_links":{"self":[{"href":"https:\/\/pcv.apbg.fr\/index.php?rest_route=\/wp\/v2\/pages\/12","targetHints":{"allow":["GET"]}}],"collection":[{"href":"https:\/\/pcv.apbg.fr\/index.php?rest_route=\/wp\/v2\/pages"}],"about":[{"href":"https:\/\/pcv.apbg.fr\/index.php?rest_route=\/wp\/v2\/types\/page"}],"author":[{"embeddable":true,"href":"https:\/\/pcv.apbg.fr\/index.php?rest_route=\/wp\/v2\/users\/1"}],"replies":[{"embeddable":true,"href":"https:\/\/pcv.apbg.fr\/index.php?rest_route=%2Fwp%2Fv2%2Fcomments&post=12"}],"version-history":[{"count":0,"href":"https:\/\/pcv.apbg.fr\/index.php?rest_route=\/wp\/v2\/pages\/12\/revisions"}],"wp:attachment":[{"href":"https:\/\/pcv.apbg.fr\/index.php?rest_route=%2Fwp%2Fv2%2Fmedia&parent=12"}],"curies":[{"name":"wp","href":"https:\/\/api.w.org\/{rel}","templated":true}]}}